{"id":2865,"date":"2025-05-20T13:11:58","date_gmt":"2025-05-20T11:11:58","guid":{"rendered":"https:\/\/mantermens.com\/politica-qualitat\/"},"modified":"2025-09-23T12:02:08","modified_gmt":"2025-09-23T10:02:08","slug":"politica-calidad","status":"publish","type":"page","link":"https:\/\/mantermens.com\/es\/politica-calidad\/","title":{"rendered":"Pol\u00edtica de Qualitat"},"content":{"rendered":"<p><div class=\"fusion-fullwidth fullwidth-box fusion-builder-row-1 fusion-flex-container fusion-parallax-none nonhundred-percent-fullwidth non-hundred-percent-height-scrolling lazyload\" style=\"--awb-background-position:center bottom;--awb-border-radius-top-left:0px;--awb-border-radius-top-right:0px;--awb-border-radius-bottom-right:0px;--awb-border-radius-bottom-left:0px;--awb-padding-top:0px;--awb-background-color:var(--awb-color2);--awb-background-image:linear-gradient(180deg, rgba(235,234,241,0.9) 0%,rgba(235,234,241,0.79) 100%);;--awb-background-size:cover;--awb-flex-wrap:wrap;\" data-bg=\"https:\/\/mantermens.com\/wp-content\/uploads\/2025\/05\/manteniments-termens-suport-cap-obra-1.jpg\" data-bg-gradient=\"linear-gradient(180deg, rgba(235,234,241,0.9) 0%,rgba(235,234,241,0.79) 100%)\" ><div class=\"fusion-builder-row fusion-row fusion-flex-align-items-flex-start fusion-flex-justify-content-center fusion-flex-content-wrap\" style=\"max-width:calc( 1180px + 0px );margin-left: calc(-0px \/ 2 );margin-right: calc(-0px \/ 2 );\"><div class=\"fusion-layout-column fusion_builder_column fusion-builder-column-0 fusion_builder_column_2_3 2_3 fusion-flex-column fusion-animated\" style=\"--awb-bg-blend:overlay;--awb-bg-size:cover;--awb-width-large:66.666666666667%;--awb-margin-top-large:85px;--awb-spacing-right-large:0px;--awb-margin-bottom-large:60px;--awb-spacing-left-large:0px;--awb-width-medium:100%;--awb-spacing-right-medium:0px;--awb-spacing-left-medium:0px;--awb-width-small:100%;--awb-spacing-right-small:0px;--awb-spacing-left-small:0px;\" data-animationType=\"zoomIn\" data-animationDuration=\"0.9\" data-animationOffset=\"top-into-view\"><div class=\"fusion-column-wrapper fusion-flex-justify-content-flex-start fusion-content-layout-column\"><div class=\"fusion-title title fusion-title-1 fusion-sep-none fusion-title-center fusion-title-text fusion-title-size-one\"><h1 class=\"fusion-title-heading title-heading-center fusion-responsive-typography-calculated\" style=\"margin:0;--fontSize:68;line-height:var(--awb-typography1-line-height);\">Pol\u00edtica de Calidad<\/h1><\/div><\/div><\/div><div class=\"fusion-layout-column fusion_builder_column fusion-builder-column-1 fusion_builder_column_1_1 1_1 fusion-flex-column\" style=\"--awb-bg-blend:overlay;--awb-bg-size:cover;--awb-width-large:100%;--awb-margin-top-large:0px;--awb-spacing-right-large:0px;--awb-margin-bottom-large:0px;--awb-spacing-left-large:0px;--awb-width-medium:100%;--awb-spacing-right-medium:0px;--awb-spacing-left-medium:0px;--awb-width-small:100%;--awb-spacing-right-small:0px;--awb-spacing-left-small:0px;\"><div class=\"fusion-column-wrapper fusion-flex-justify-content-center fusion-content-layout-column\"><div class=\"fusion-section-separator section-separator big-half-circle fusion-section-separator-1\" style=\"--awb-spacer-height:99px;--awb-svg-margin-left:0px;--awb-svg-margin-right:0px;--awb-svg-margin-left-medium:0px;--awb-svg-margin-right-medium:0px;--awb-svg-margin-left-small:0px;--awb-svg-margin-right-small:0px;--awb-divider-height:99px;--awb-spacer-padding-top:inherit;--awb-sep-padding:0;--awb-svg-padding:0;\"><div class=\"fusion-section-separator-svg\"><svg class=\"fusion-big-half-circle-candy\" xmlns=\"http:\/\/www.w3.org\/2000\/svg\" version=\"1.1\" width=\"100%\" height=\"100\" viewBox=\"0 0 100 100\" preserveAspectRatio=\"none\" fill=\"rgba(255,255,255,1)\"><path d=\"M0 100 C40 0 60 0 100 100 Z\"><\/path><\/svg><\/div><div class=\"fusion-section-separator-spacer\"><div class=\"fusion-section-separator-spacer-height\"><\/div><\/div><\/div><\/div><\/div><\/div><\/div><div class=\"fusion-fullwidth fullwidth-box fusion-builder-row-2 fusion-flex-container nonhundred-percent-fullwidth non-hundred-percent-height-scrolling\" style=\"--awb-background-repeat:repeat-x;--awb-border-radius-top-left:0px;--awb-border-radius-top-right:0px;--awb-border-radius-bottom-right:0px;--awb-border-radius-bottom-left:0px;--awb-padding-top:0px;--awb-padding-bottom:20px;--awb-padding-top-small:20px;--awb-background-color:var(--awb-color1);--awb-flex-wrap:wrap;\" ><div class=\"fusion-builder-row fusion-row fusion-flex-align-items-flex-start fusion-flex-justify-content-center fusion-flex-content-wrap\" style=\"max-width:1227.2px;margin-left: calc(-4% \/ 2 );margin-right: calc(-4% \/ 2 );\"><div class=\"fusion-layout-column fusion_builder_column fusion-builder-column-2 fusion_builder_column_3_4 3_4 fusion-flex-column\" style=\"--awb-bg-blend:overlay;--awb-bg-size:cover;--awb-width-large:75%;--awb-margin-top-large:40px;--awb-spacing-right-large:2.56%;--awb-margin-bottom-large:60px;--awb-spacing-left-large:2.56%;--awb-width-medium:100%;--awb-spacing-right-medium:1.92%;--awb-spacing-left-medium:1.92%;--awb-width-small:100%;--awb-spacing-right-small:1.92%;--awb-spacing-left-small:1.92%;\"><div class=\"fusion-column-wrapper fusion-flex-justify-content-flex-start fusion-content-layout-column\"><div class=\"fusion-text fusion-text-1\" style=\"--awb-text-color:var(--awb-color8);\"><p>La Pol\u00edtica de Calidad se refleja en el siguiente principio:<br \/>\n<i><b>\u201cCONSEGUIR LA CONFIANZA DEL CLIENTE, Y TRANSMITIR QUE NUESTRA EMPRESA SATISFACER\u00c1 SUS REQUISITOS AHORA Y SIEMPRE\u201d<\/b><\/i><br \/>\nLos <b>objetivos generales<\/b> de la empresa son:<\/p>\n<ul>\n<li>Asegurar la m\u00e1xima calidad de nuestras intervenciones.<\/li>\n<li>Atenci\u00f3n de las solicitudes de servicios en la mayor brevedad posible.<\/li>\n<li>Minimizar los errores y segundas intervenciones.<\/li>\n<\/ul>\n<p>Para ello nos centraremos en los siguientes aspectos fundamentales:<\/p>\n<ul>\n<li>Dar un excelente servicio al cliente, acordando las visitas en horarios de su conveniencia, cumpliendo los horarios pactados y atendiendo a la satisfacci\u00f3n de sus necesidades y expectativas.<\/li>\n<li>Velar por la seguridad del usuario por encima de los intereses comerciales.<\/li>\n<li>Utilizar las herramientas adecuadas y la tecnolog\u00eda actual para garantizar su calidad en las intervenciones.<\/li>\n<li>Salvaguardar la seguridad en el trabajo de nuestros t\u00e9cnicos, evitando las intervenciones en condiciones peligrosas o insalubres.<\/li>\n<li>Respeto por el medio ambiente, evitando malas combustiones y determinando emisiones inferiores a las contaminantes permitidas reglamentariamente.<\/li>\n<li>Fomentar el uso de energ\u00edas renovables, como las geotermia, aerot\u00e9rmica y fotovoltaica para la mitigaci\u00f3n y adaptaci\u00f3n al cambio clim\u00e1tico.<\/li>\n<li>Mantener las prestaciones del producto de acuerdo a las prescripciones del fabricante e informar al usuario sobre la forma de obtener el m\u00e1ximo confort y el mejor rendimiento del producto.<\/li>\n<li>Evitar cualquier comentario que pueda menoscabar el prestigio de otro profesional de la instalaci\u00f3n o reparaci\u00f3n del producto. Intentar buscar la soluci\u00f3n a los posibles problemas directamente con el profesional en cuesti\u00f3n.<\/li>\n<li>Ofrecer un servicio con una relaci\u00f3n calidad-precio equilibrada, sin perder de vista la rentabilidad necesaria para garantizar la supervivencia y futuro de la empresa, procurando una continua puesta al d\u00eda y la ampliaci\u00f3n del negocio con nuevas ofertas de servicios.<\/li>\n<li>Garantizar el cumplimiento de todos los requisitos aplicables a nuestras actividades tanto legales como del fabricante de los productos.<\/li>\n<li>Definici\u00f3n de objetivos anuales de la empresa y su seguimiento, enfocados hacia la mejora continua de los mismos y sus procesos.<\/li>\n<\/ul>\n<p>Para garantizar el cumplimiento de estos principios, la empresa dispone de un Sistema de Gesti\u00f3n de la Calidad basado en la norma UNE-EN-ISO 9001:2015. La Direcci\u00f3n se compromete a destinar todos los recursos necesarios para realizar estas actividades, as\u00ed como para mejorar continuamente la eficacia de este Sistema de Gesti\u00f3n.<\/p>\n<p>Para el cumplimiento de esta Pol\u00edtica, es imprescindible la colaboraci\u00f3n de todo el personal de la empresa, que debe conocerla, cumplirla y estar convencido de la necesidad de asumir y necesidad de optimizar el servicio a nuestro cliente, a trav\u00e9s de un constante esfuerzo de mejora. Estar\u00e1 disponible por las partes interesadas pertinentes, seg\u00fan corresponda.<\/p>\n<\/div><\/div><\/div><\/div><\/div><div class=\"fusion-fullwidth fullwidth-box fusion-builder-row-3 fusion-flex-container nonhundred-percent-fullwidth non-hundred-percent-height-scrolling fusion-no-large-visibility\" style=\"--awb-border-radius-top-left:0px;--awb-border-radius-top-right:0px;--awb-border-radius-bottom-right:0px;--awb-border-radius-bottom-left:0px;--awb-background-color:var(--awb-color7);--awb-flex-wrap:wrap;\" ><div class=\"fusion-builder-row fusion-row fusion-flex-align-items-flex-start fusion-flex-content-wrap\" style=\"max-width:calc( 1180px + 0px );margin-left: calc(-0px \/ 2 );margin-right: calc(-0px \/ 2 );\"><div class=\"fusion-layout-column fusion_builder_column fusion-builder-column-3 fusion_builder_column_1_3 1_3 fusion-flex-column\" style=\"--awb-padding-top:30px;--awb-padding-bottom:30px;--awb-bg-position:right center;--awb-bg-blend:overlay;--awb-bg-repeat:repeat-y;--awb-border-color:var(--awb-color7);--awb-border-bottom:1px;--awb-border-style:solid;--awb-width-large:33.333333333333%;--awb-margin-top-large:10px;--awb-spacing-right-large:0px;--awb-margin-bottom-large:0px;--awb-spacing-left-large:0px;--awb-width-medium:100%;--awb-spacing-right-medium:0px;--awb-spacing-left-medium:0px;--awb-width-small:100%;--awb-spacing-right-small:0px;--awb-spacing-left-small:0px;\"><div class=\"fusion-column-wrapper fusion-flex-justify-content-flex-start fusion-content-layout-column\"><div class=\"fusion-text fusion-text-2\"><p style=\"text-align: center; margin: 0;\"><span style=\"color: var(--awb-color4); font-size: 20px; letter-spacing: 1px;\">OFFICE LINE<\/span><\/p>\n<\/div><div class=\"fusion-title title fusion-title-2 fusion-sep-none fusion-title-center fusion-title-text fusion-title-size-three\" style=\"--awb-margin-top:5px;--awb-margin-bottom:5px;\"><h3 class=\"fusion-title-heading title-heading-center fusion-responsive-typography-calculated\" style=\"margin:0;--fontSize:26;line-height:var(--awb-typography1-line-height);\"><span style=\"color: var(--awb-color1)fff;\">1.800.555.6789<\/span><\/h3><\/div><\/div><\/div><div class=\"fusion-layout-column fusion_builder_column fusion-builder-column-4 fusion_builder_column_1_3 1_3 fusion-flex-column\" style=\"--awb-padding-top:30px;--awb-padding-bottom:30px;--awb-bg-blend:overlay;--awb-bg-size:cover;--awb-border-color:var(--awb-color7);--awb-border-bottom:1px;--awb-border-style:solid;--awb-width-large:33.333333333333%;--awb-margin-top-large:10px;--awb-spacing-right-large:0px;--awb-margin-bottom-large:0px;--awb-spacing-left-large:0px;--awb-width-medium:100%;--awb-spacing-right-medium:0px;--awb-spacing-left-medium:0px;--awb-width-small:100%;--awb-spacing-right-small:0px;--awb-spacing-left-small:0px;\"><div class=\"fusion-column-wrapper fusion-flex-justify-content-flex-start fusion-content-layout-column\"><div class=\"fusion-text fusion-text-3\"><p style=\"text-align: center; margin: 0;\"><span style=\"color: var(--awb-color4); font-size: 20px; letter-spacing: 1px;\">EMERGENCY<\/span><\/p>\n<\/div><div class=\"fusion-title title fusion-title-3 fusion-sep-none fusion-title-center fusion-title-text fusion-title-size-three\" style=\"--awb-margin-top:5px;--awb-margin-bottom:5px;\"><h3 class=\"fusion-title-heading title-heading-center fusion-responsive-typography-calculated\" style=\"margin:0;--fontSize:26;line-height:var(--awb-typography1-line-height);\"><span style=\"color: var(--awb-color1)fff;\">1.800.555.0000<\/span><\/h3><\/div><\/div><\/div><div class=\"fusion-layout-column fusion_builder_column fusion-builder-column-5 fusion_builder_column_1_3 1_3 fusion-flex-column\" style=\"--awb-padding-top:30px;--awb-padding-bottom:30px;--awb-bg-position:left center;--awb-bg-blend:overlay;--awb-bg-repeat:repeat-y;--awb-border-color:var(--awb-color7);--awb-border-bottom:1px;--awb-border-style:solid;--awb-width-large:33.333333333333%;--awb-margin-top-large:10px;--awb-spacing-right-large:0px;--awb-margin-bottom-large:0px;--awb-spacing-left-large:0px;--awb-width-medium:100%;--awb-spacing-right-medium:0px;--awb-spacing-left-medium:0px;--awb-width-small:100%;--awb-spacing-right-small:0px;--awb-spacing-left-small:0px;\"><div class=\"fusion-column-wrapper fusion-flex-justify-content-flex-start fusion-content-layout-column\"><div class=\"fusion-text fusion-text-4\"><p style=\"text-align: center; margin: 0;\"><span style=\"color: var(--awb-color4); font-size: 20px; letter-spacing: 1px; font-weight: normal;\">WORKING HOURS<\/span><\/p>\n<\/div><div class=\"fusion-title title fusion-title-4 fusion-sep-none fusion-title-center fusion-title-text fusion-title-size-three\" style=\"--awb-margin-top:5px;--awb-margin-bottom:5px;\"><h3 class=\"fusion-title-heading title-heading-center fusion-responsive-typography-calculated\" style=\"margin:0;--fontSize:26;line-height:var(--awb-typography1-line-height);\"><span style=\"color: var(--awb-color1)fff;\">9:00am &#8211; 6:00pm<\/span><\/h3><\/div><\/div><\/div><\/div><\/div><\/p>\n","protected":false},"excerpt":{"rendered":"","protected":false},"author":1,"featured_media":0,"parent":0,"menu_order":0,"comment_status":"closed","ping_status":"closed","template":"100-width.php","meta":{"footnotes":""},"class_list":["post-2865","page","type-page","status-publish","hentry"],"yoast_head":"<!-- This site is optimized with the Yoast SEO plugin v25.1 - https:\/\/yoast.com\/wordpress\/plugins\/seo\/ -->\n<title>Pol\u00edtica de Qualitat - Manteniments Termens<\/title>\n<meta name=\"robots\" content=\"index, follow, max-snippet:-1, max-image-preview:large, max-video-preview:-1\" \/>\n<link rel=\"canonical\" href=\"https:\/\/mantermens.com\/es\/politica-calidad\/\" \/>\n<meta property=\"og:locale\" content=\"es_ES\" \/>\n<meta property=\"og:type\" content=\"article\" \/>\n<meta property=\"og:title\" content=\"Pol\u00edtica de Qualitat - Manteniments Termens\" \/>\n<meta property=\"og:url\" content=\"https:\/\/mantermens.com\/es\/politica-calidad\/\" \/>\n<meta property=\"og:site_name\" content=\"Manteniments Termens\" \/>\n<meta property=\"article:modified_time\" content=\"2025-09-23T10:02:08+00:00\" \/>\n<meta name=\"twitter:card\" content=\"summary_large_image\" \/>\n<meta name=\"twitter:label1\" content=\"Tiempo de lectura\" \/>\n\t<meta name=\"twitter:data1\" content=\"3 minutos\" \/>\n<script type=\"application\/ld+json\" class=\"yoast-schema-graph\">{\"@context\":\"https:\/\/schema.org\",\"@graph\":[{\"@type\":\"WebPage\",\"@id\":\"https:\/\/mantermens.com\/es\/politica-calidad\/\",\"url\":\"https:\/\/mantermens.com\/es\/politica-calidad\/\",\"name\":\"Pol\u00edtica de Qualitat - Manteniments Termens\",\"isPartOf\":{\"@id\":\"https:\/\/mantermens.com\/es\/#website\"},\"datePublished\":\"2025-05-20T11:11:58+00:00\",\"dateModified\":\"2025-09-23T10:02:08+00:00\",\"breadcrumb\":{\"@id\":\"https:\/\/mantermens.com\/es\/politica-calidad\/#breadcrumb\"},\"inLanguage\":\"es\",\"potentialAction\":[{\"@type\":\"ReadAction\",\"target\":[\"https:\/\/mantermens.com\/es\/politica-calidad\/\"]}]},{\"@type\":\"BreadcrumbList\",\"@id\":\"https:\/\/mantermens.com\/es\/politica-calidad\/#breadcrumb\",\"itemListElement\":[{\"@type\":\"ListItem\",\"position\":1,\"name\":\"Inici\",\"item\":\"https:\/\/mantermens.com\/es\/manteniments-termenes\/\"},{\"@type\":\"ListItem\",\"position\":2,\"name\":\"Pol\u00edtica de Qualitat\"}]},{\"@type\":\"WebSite\",\"@id\":\"https:\/\/mantermens.com\/es\/#website\",\"url\":\"https:\/\/mantermens.com\/es\/\",\"name\":\"Manteniments Termens\",\"description\":\"\",\"potentialAction\":[{\"@type\":\"SearchAction\",\"target\":{\"@type\":\"EntryPoint\",\"urlTemplate\":\"https:\/\/mantermens.com\/es\/?s={search_term_string}\"},\"query-input\":{\"@type\":\"PropertyValueSpecification\",\"valueRequired\":true,\"valueName\":\"search_term_string\"}}],\"inLanguage\":\"es\"}]}<\/script>\n<!-- \/ Yoast SEO plugin. -->","yoast_head_json":{"title":"Pol\u00edtica de Qualitat - Manteniments Termens","robots":{"index":"index","follow":"follow","max-snippet":"max-snippet:-1","max-image-preview":"max-image-preview:large","max-video-preview":"max-video-preview:-1"},"canonical":"https:\/\/mantermens.com\/es\/politica-calidad\/","og_locale":"es_ES","og_type":"article","og_title":"Pol\u00edtica de Qualitat - Manteniments Termens","og_url":"https:\/\/mantermens.com\/es\/politica-calidad\/","og_site_name":"Manteniments Termens","article_modified_time":"2025-09-23T10:02:08+00:00","twitter_card":"summary_large_image","twitter_misc":{"Tiempo de lectura":"3 minutos"},"schema":{"@context":"https:\/\/schema.org","@graph":[{"@type":"WebPage","@id":"https:\/\/mantermens.com\/es\/politica-calidad\/","url":"https:\/\/mantermens.com\/es\/politica-calidad\/","name":"Pol\u00edtica de Qualitat - Manteniments Termens","isPartOf":{"@id":"https:\/\/mantermens.com\/es\/#website"},"datePublished":"2025-05-20T11:11:58+00:00","dateModified":"2025-09-23T10:02:08+00:00","breadcrumb":{"@id":"https:\/\/mantermens.com\/es\/politica-calidad\/#breadcrumb"},"inLanguage":"es","potentialAction":[{"@type":"ReadAction","target":["https:\/\/mantermens.com\/es\/politica-calidad\/"]}]},{"@type":"BreadcrumbList","@id":"https:\/\/mantermens.com\/es\/politica-calidad\/#breadcrumb","itemListElement":[{"@type":"ListItem","position":1,"name":"Inici","item":"https:\/\/mantermens.com\/es\/manteniments-termenes\/"},{"@type":"ListItem","position":2,"name":"Pol\u00edtica de Qualitat"}]},{"@type":"WebSite","@id":"https:\/\/mantermens.com\/es\/#website","url":"https:\/\/mantermens.com\/es\/","name":"Manteniments Termens","description":"","potentialAction":[{"@type":"SearchAction","target":{"@type":"EntryPoint","urlTemplate":"https:\/\/mantermens.com\/es\/?s={search_term_string}"},"query-input":{"@type":"PropertyValueSpecification","valueRequired":true,"valueName":"search_term_string"}}],"inLanguage":"es"}]}},"_links":{"self":[{"href":"https:\/\/mantermens.com\/es\/wp-json\/wp\/v2\/pages\/2865","targetHints":{"allow":["GET"]}}],"collection":[{"href":"https:\/\/mantermens.com\/es\/wp-json\/wp\/v2\/pages"}],"about":[{"href":"https:\/\/mantermens.com\/es\/wp-json\/wp\/v2\/types\/page"}],"author":[{"embeddable":true,"href":"https:\/\/mantermens.com\/es\/wp-json\/wp\/v2\/users\/1"}],"replies":[{"embeddable":true,"href":"https:\/\/mantermens.com\/es\/wp-json\/wp\/v2\/comments?post=2865"}],"version-history":[{"count":4,"href":"https:\/\/mantermens.com\/es\/wp-json\/wp\/v2\/pages\/2865\/revisions"}],"predecessor-version":[{"id":2929,"href":"https:\/\/mantermens.com\/es\/wp-json\/wp\/v2\/pages\/2865\/revisions\/2929"}],"wp:attachment":[{"href":"https:\/\/mantermens.com\/es\/wp-json\/wp\/v2\/media?parent=2865"}],"curies":[{"name":"wp","href":"https:\/\/api.w.org\/{rel}","templated":true}]}}